{"id":4695,"date":"2021-07-19T13:13:06","date_gmt":"2021-07-19T17:13:06","guid":{"rendered":"https:\/\/affichageinterface.com\/?page_id=4695"},"modified":"2021-12-13T17:59:02","modified_gmt":"2021-12-13T21:59:02","slug":"nos-reseaux","status":"publish","type":"page","link":"https:\/\/affichageinterface.com\/en\/nos-reseaux\/","title":{"rendered":"Nos r\u00e9seaux"},"content":{"rendered":"<div data-elementor-type=\"wp-page\" data-elementor-id=\"4695\" class=\"elementor elementor-4695\" data-elementor-settings=\"[]\">\n\t\t\t\t\t\t\t<div class=\"elementor-section-wrap\">\n\t\t\t\t\t\t\t<section class=\"elementor-section elementor-top-section elementor-element elementor-element-f69ab66 elementor-section-boxed elementor-section-gap-beside-yes elementor-section-height-default elementor-section-height-default elementor-section-column-vertical-align-stretch\" data-id=\"f69ab66\" data-element_type=\"section\">\n\t\t\t\t\t\t<div class=\"elementor-container elementor-column-gap-extended\">\n\t\t\t\t\t<div class=\"elementor-column elementor-col-100 elementor-top-column elementor-element elementor-element-504f9ca\" data-id=\"504f9ca\" data-element_type=\"column\">\n\t\t\t<div class=\"elementor-widget-wrap elementor-element-populated\">\n\t\t\t\t\t\t\t\t<div class=\"elementor-element elementor-element-0a4aeb5 elementor-widget elementor-widget-shortcode\" data-id=\"0a4aeb5\" data-element_type=\"widget\" data-widget_type=\"shortcode.default\">\n\t\t\t\t<div class=\"elementor-widget-container\">\n\t\t\t\t\t<div class=\"elementor-shortcode\">\n\t\t\t<!-- START Nos r\u00e9seaux REVOLUTION SLIDER 6.5.12 --><p class=\"rs-p-wp-fix\"><\/p>\n\t\t\t<rs-module-wrap id=\"rev_slider_5_1_wrapper\" data-source=\"gallery\" style=\"visibility:hidden;background:transparent;padding:0;\">\n\t\t\t\t<rs-module id=\"rev_slider_5_1\" style=\"\" data-version=\"6.5.12\">\n\t\t\t\t\t<rs-slides>\n\t\t\t\t\t\t<rs-slide style=\"position: absolute;\" data-key=\"rs-13\" data-title=\"Slide\" data-in=\"o:0;\" data-out=\"a:false;\">\n\t\t\t\t\t\t\t<img loading=\"lazy\" decoding=\"async\" src=\"\/\/affichageinterface.com\/wp-content\/plugins\/revslider\/public\/assets\/assets\/dummy.png\" alt=\"Affichage Interface - Cr\u00e9ateur de solutions de communication ext\u00e9rieur\" title=\"Affichage Interface &#8211; Cr\u00e9ateur de solutions de communication ext\u00e9rieur\" width=\"1500\" height=\"657\" class=\"rev-slidebg tp-rs-img rs-lazyload\" data-lazyload=\"\/\/affichageinterface.com\/wp-content\/uploads\/2021\/07\/hero-home.jpg\" data-no-retina>\n<!--\n\t\t\t\t\t\t\t--><rs-group\n\t\t\t\t\t\t\t\tid=\"slider-5-slide-13-layer-4\" \n\t\t\t\t\t\t\t\tdata-type=\"group\"\n\t\t\t\t\t\t\t\tdata-xy=\"x:c;y:m;\"\n\t\t\t\t\t\t\t\tdata-text=\"w:normal;\"\n\t\t\t\t\t\t\t\tdata-dim=\"w:1040px,900px,700px,700px;h:500px;\"\n\t\t\t\t\t\t\t\tdata-rsp_o=\"off\"\n\t\t\t\t\t\t\t\tdata-rsp_bd=\"off\"\n\t\t\t\t\t\t\t\tdata-frame_0=\"o:1;\"\n\t\t\t\t\t\t\t\tdata-frame_1=\"sp:1000;\"\n\t\t\t\t\t\t\t\tdata-frame_999=\"o:0;st:w;sR:8000;sA:9000;\"\n\t\t\t\t\t\t\t\tstyle=\"z-index:9;\"\n\t\t\t\t\t\t\t><!--\t\t\t\t\t\t\t--><\/rs-group><!--\n\n\t\t\t\t\t\t\t--><h1\n\t\t\t\t\t\t\t\tid=\"slider-5-slide-13-layer-1\" \n\t\t\t\t\t\t\t\tclass=\"rs-layer secondary-font\"\n\t\t\t\t\t\t\t\tdata-type=\"text\"\n\t\t\t\t\t\t\t\tdata-color=\"#fff\"\n\t\t\t\t\t\t\t\tdata-xy=\"x:l,c,c,c;xo:661px,0,0,0;y:t,m,m,m;yo:482px,-80px,-50px,-50px;\"\n\t\t\t\t\t\t\t\tdata-text=\"w:normal;s:94,80,60,40;l:114,120,100,70;fw:700;a:center;\"\n\t\t\t\t\t\t\t\tdata-dim=\"minh:0px,none,none,none;\"\n\t\t\t\t\t\t\t\tdata-basealign=\"slide\"\n\t\t\t\t\t\t\t\tdata-rsp_o=\"off\"\n\t\t\t\t\t\t\t\tdata-rsp_bd=\"off\"\n\t\t\t\t\t\t\t\tdata-frame_0=\"y:50;\"\n\t\t\t\t\t\t\t\tdata-frame_1=\"st:190;sp:1000;sR:190;\"\n\t\t\t\t\t\t\t\tdata-frame_999=\"o:0;st:w;sR:7810;\"\n\t\t\t\t\t\t\t\tstyle=\"z-index:8;font-family:Futura, sans-serif !important;\"\n\t\t\t\t\t\t\t>Nos r\u00e9seaux \n\t\t\t\t\t\t\t<\/h1><!--\n-->\t\t\t\t\t\t<\/rs-slide>\n\t\t\t\t\t<\/rs-slides>\n\t\t\t\t\t<rs-static-layers><!--\n\n\t\t\t\t\t\t\t--><rs-group\n\t\t\t\t\t\t\t\tid=\"slider-5-slide-5-layer-11\" \n\t\t\t\t\t\t\t\tclass=\"rs-layer-static\"\n\t\t\t\t\t\t\t\tdata-type=\"group\"\n\t\t\t\t\t\t\t\tdata-xy=\"xo:100px;y:b;yo:80px;\"\n\t\t\t\t\t\t\t\tdata-text=\"w:normal;\"\n\t\t\t\t\t\t\t\tdata-dim=\"w:140px;h:40px;\"\n\t\t\t\t\t\t\t\tdata-vbility=\"t,t,f,f\"\n\t\t\t\t\t\t\t\tdata-basealign=\"slide\"\n\t\t\t\t\t\t\t\tdata-rsp_o=\"off\"\n\t\t\t\t\t\t\t\tdata-rsp_bd=\"off\"\n\t\t\t\t\t\t\t\tdata-onslides=\"s:1;\"\n\t\t\t\t\t\t\t\tdata-frame_0=\"o:1;\"\n\t\t\t\t\t\t\t\tdata-frame_999=\"o:0;st:w;sA:9000;\"\n\t\t\t\t\t\t\t\tstyle=\"z-index:11;\"\n\t\t\t\t\t\t\t><!--\n\t\t\t\t\t\t\t\t--><rs-layer\n\t\t\t\t\t\t\t\t\tid=\"slider-5-slide-5-layer-12\" \n\t\t\t\t\t\t\t\t\tclass=\"billy-pagination-status-total rs-layer-static\"\n\t\t\t\t\t\t\t\t\tdata-type=\"text\"\n\t\t\t\t\t\t\t\t\tdata-color=\"rgba(255, 255, 255, 0.5)\"\n\t\t\t\t\t\t\t\t\tdata-xy=\"x:r;y:m;\"\n\t\t\t\t\t\t\t\t\tdata-text=\"w:normal;s:18;l:22;ls:0.75px,0px,0px,0px;fw:500;\"\n\t\t\t\t\t\t\t\t\tdata-rsp_o=\"off\"\n\t\t\t\t\t\t\t\t\tdata-rsp_bd=\"off\"\n\t\t\t\t\t\t\t\t\tdata-onslides=\"s:1;\"\n\t\t\t\t\t\t\t\t\tdata-frame_999=\"o:0;st:w;\"\n\t\t\t\t\t\t\t\t\tstyle=\"z-index:8;font-family:\"cerebrisans, sans-serif\" !important;\"\n\t\t\t\t\t\t\t\t>01 \n\t\t\t\t\t\t\t\t<\/rs-layer><!--\n\n\t\t\t\t\t\t\t\t--><rs-layer\n\t\t\t\t\t\t\t\t\tid=\"slider-5-slide-5-layer-13\" \n\t\t\t\t\t\t\t\t\tclass=\"billy-pagination-status-current rs-layer-static\"\n\t\t\t\t\t\t\t\t\tdata-type=\"text\"\n\t\t\t\t\t\t\t\t\tdata-xy=\"y:m;\"\n\t\t\t\t\t\t\t\t\tdata-text=\"w:normal;s:30;l:38;ls:1.25px,1px,1px,1px;fw:500;\"\n\t\t\t\t\t\t\t\t\tdata-rsp_o=\"off\"\n\t\t\t\t\t\t\t\t\tdata-rsp_bd=\"off\"\n\t\t\t\t\t\t\t\t\tdata-onslides=\"s:1;\"\n\t\t\t\t\t\t\t\t\tdata-frame_999=\"o:0;st:w;\"\n\t\t\t\t\t\t\t\t\tstyle=\"z-index:10;font-family:\"cerebrisans, sans-serif\" !important;\"\n\t\t\t\t\t\t\t\t>01 \n\t\t\t\t\t\t\t\t<\/rs-layer><!--\n\n\t\t\t\t\t\t\t\t--><rs-layer\n\t\t\t\t\t\t\t\t\tid=\"slider-5-slide-5-layer-14\" \n\t\t\t\t\t\t\t\t\tclass=\"rs-layer-static\"\n\t\t\t\t\t\t\t\t\tdata-type=\"shape\"\n\t\t\t\t\t\t\t\t\tdata-xy=\"x:c;xo:5px;y:m;\"\n\t\t\t\t\t\t\t\t\tdata-text=\"w:normal;\"\n\t\t\t\t\t\t\t\t\tdata-dim=\"w:60px;h:1px;\"\n\t\t\t\t\t\t\t\t\tdata-rsp_o=\"off\"\n\t\t\t\t\t\t\t\t\tdata-rsp_bd=\"off\"\n\t\t\t\t\t\t\t\t\tdata-onslides=\"s:1;\"\n\t\t\t\t\t\t\t\t\tdata-frame_999=\"o:0;st:w;\"\n\t\t\t\t\t\t\t\t\tstyle=\"z-index:9;background-color:rgba(255,255,255,0.5);\"\n\t\t\t\t\t\t\t\t> \n\t\t\t\t\t\t\t\t<\/rs-layer><!--\n\t\t\t\t\t\t\t--><\/rs-group><!--\n\t\t\t\t\t--><\/rs-static-layers>\n\t\t\t\t<\/rs-module>\n\t\t\t\t<script>\n\t\t\t\t\tsetREVStartSize({c: 'rev_slider_5_1',rl:[1240,1024,778,480],el:[1080,768,960,720],gw:[1920,1024,778,480],gh:[1080,768,960,720],type:'standard',justify:'',layout:'fullscreen',offsetContainer:'',offset:'',mh:\"500px\"});if (window.RS_MODULES!==undefined && window.RS_MODULES.modules!==undefined && window.RS_MODULES.modules[\"revslider51\"]!==undefined) {window.RS_MODULES.modules[\"revslider51\"].once = false;window.revapi5 = undefined;if (window.RS_MODULES.checkMinimal!==undefined) window.RS_MODULES.checkMinimal()}\n\t\t\t\t<\/script>\n\t\t\t<\/rs-module-wrap>\n\t\t\t<!-- END REVOLUTION SLIDER -->\n<\/div>\n\t\t\t\t<\/div>\n\t\t\t\t<\/div>\n\t\t\t\t\t<\/div>\n\t\t<\/div>\n\t\t\t\t\t\t\t<\/div>\n\t\t<\/section>\n\t\t\t\t<section class=\"elementor-section elementor-top-section elementor-element elementor-element-becf37b elementor-section-stretched elementor-section-full_width elementor-section-height-default elementor-section-height-default elementor-section-column-vertical-align-stretch\" data-id=\"becf37b\" data-element_type=\"section\" data-settings=\"{&quot;stretch_section&quot;:&quot;section-stretched&quot;}\">\n\t\t\t\t\t\t<div class=\"elementor-container elementor-column-gap-no\">\n\t\t\t\t\t<div class=\"elementor-column elementor-col-100 elementor-top-column elementor-element elementor-element-65b4e92\" data-id=\"65b4e92\" data-element_type=\"column\">\n\t\t\t<div class=\"elementor-widget-wrap\">\n\t\t\t\t\t\t\t\t\t<\/div>\n\t\t<\/div>\n\t\t\t\t\t\t\t<\/div>\n\t\t<\/section>\n\t\t\t\t<section class=\"elementor-section elementor-top-section elementor-element elementor-element-18d32a6 elementor-section-stretched elementor-section-boxed elementor-section-gap-beside-yes elementor-section-height-default elementor-section-height-default elementor-section-column-vertical-align-stretch\" data-id=\"18d32a6\" data-element_type=\"section\" data-settings=\"{&quot;stretch_section&quot;:&quot;section-stretched&quot;,&quot;background_background&quot;:&quot;classic&quot;}\">\n\t\t\t\t\t\t<div class=\"elementor-container elementor-column-gap-extended\">\n\t\t\t\t\t<div class=\"elementor-column elementor-col-100 elementor-top-column elementor-element elementor-element-63686c1\" data-id=\"63686c1\" data-element_type=\"column\">\n\t\t\t<div class=\"elementor-widget-wrap elementor-element-populated\">\n\t\t\t\t\t\t\t\t<div class=\"elementor-element elementor-element-12050ab elementor-invisible elementor-widget elementor-widget-tm-heading\" data-id=\"12050ab\" data-element_type=\"widget\" data-settings=\"{&quot;_animation&quot;:&quot;billyFadeInUp&quot;}\" data-widget_type=\"tm-heading.default\">\n\t\t\t\t<div class=\"elementor-widget-container\">\n\t\t\t\t\t<div class=\"tm-modern-heading\">\n\t\t\t\n\t\t\t\t\t<div class=\"heading-primary-wrap\">\n\t\t\t<h2 class=\"heading-primary elementor-heading-title\">D\u00e9couvrez nos r\u00e9seaux<\/h2>\t\t<\/div>\n\t\t\n\t\t\t\n\t\t\t\t\t<\/div>\n\t\t\t\t<\/div>\n\t\t\t\t<\/div>\n\t\t\t\t<section class=\"elementor-section elementor-inner-section elementor-element elementor-element-d88fb19 elementor-section-boxed elementor-section-gap-beside-yes elementor-section-height-default elementor-section-height-default elementor-section-column-vertical-align-stretch\" data-id=\"d88fb19\" data-element_type=\"section\" data-settings=\"{&quot;background_background&quot;:&quot;classic&quot;}\">\n\t\t\t\t\t\t<div class=\"elementor-container elementor-column-gap-default\">\n\t\t\t\t\t<div class=\"elementor-column elementor-col-33 elementor-inner-column elementor-element elementor-element-ed7ab19\" data-id=\"ed7ab19\" data-element_type=\"column\">\n\t\t\t<div class=\"elementor-widget-wrap elementor-element-populated\">\n\t\t\t\t\t\t\t\t<div class=\"elementor-element elementor-element-829a2e4 elementor-style-01 billey-view-default elementor-position-top elementor-invisible elementor-widget elementor-widget-tm-icon-box\" data-id=\"829a2e4\" data-element_type=\"widget\" data-settings=\"{&quot;_animation&quot;:&quot;billyFadeInUp&quot;}\" data-widget_type=\"tm-icon-box.default\">\n\t\t\t\t<div class=\"elementor-widget-container\">\n\t\t\t\t\t<a class=\"tm-icon-box link-secret\" href=\"https:\/\/affichageinterface.com\/en\/nos-reseaux\/martinique\/\">\n\t\t<div class=\"icon-box-wrapper\">\n\t\t\t\t\t<div class=\"billey-icon-wrap\">\n\t\t\t<div class=\"billey-icon-view first\">\n\t\t\t\t<div class=\"billey-icon-view-inner\">\n\t\t\t\t\t\n\t\t\t\t\t<div class=\"billey-icon icon billey-gradient-icon\">\n\t\t\t\t\t\t<i aria-hidden=\"true\" class=\"fal fa-campground\"><\/i>\t\t\t\t\t<\/div>\n\t\t\t\t<\/div>\n\t\t\t<\/div>\n\n\t\t\t\t\t<\/div>\n\t\t\n\t\t\t<div class=\"icon-box-content\">\n\t\t\t\t\t\t<div class=\"heading-wrap\">\n\t\t\t<h3 class=\"heading\">Martinique<\/h3>\n\t\t\t\t\t<\/div>\n\t\t\n\t\t\t\t\n\t\t\t\t\t\t\t<\/div>\n\t\t<\/div>\n\n\t\t<\/a>\t\t\t\t<\/div>\n\t\t\t\t<\/div>\n\t\t\t\t\t<\/div>\n\t\t<\/div>\n\t\t\t\t<div class=\"elementor-column elementor-col-33 elementor-inner-column elementor-element elementor-element-c43d730\" data-id=\"c43d730\" data-element_type=\"column\">\n\t\t\t<div class=\"elementor-widget-wrap elementor-element-populated\">\n\t\t\t\t\t\t\t\t<div class=\"elementor-element elementor-element-8dfc1ea elementor-style-01 billey-view-default elementor-position-top elementor-invisible elementor-widget elementor-widget-tm-icon-box\" data-id=\"8dfc1ea\" data-element_type=\"widget\" data-settings=\"{&quot;_animation&quot;:&quot;billyFadeInUp&quot;}\" data-widget_type=\"tm-icon-box.default\">\n\t\t\t\t<div class=\"elementor-widget-container\">\n\t\t\t\t\t<a class=\"tm-icon-box link-secret\" href=\"https:\/\/affichageinterface.com\/en\/nos-reseaux\/guadeloupe\/\">\n\t\t<div class=\"icon-box-wrapper\">\n\t\t\t\t\t<div class=\"billey-icon-wrap\">\n\t\t\t<div class=\"billey-icon-view first\">\n\t\t\t\t<div class=\"billey-icon-view-inner\">\n\t\t\t\t\t\n\t\t\t\t\t<div class=\"billey-icon icon billey-gradient-icon\">\n\t\t\t\t\t\t<i aria-hidden=\"true\" class=\"fal fa-campground\"><\/i>\t\t\t\t\t<\/div>\n\t\t\t\t<\/div>\n\t\t\t<\/div>\n\n\t\t\t\t\t<\/div>\n\t\t\n\t\t\t<div class=\"icon-box-content\">\n\t\t\t\t\t\t<div class=\"heading-wrap\">\n\t\t\t<h3 class=\"heading\">Guadeloupe<\/h3>\n\t\t\t\t\t<\/div>\n\t\t\n\t\t\t\t\n\t\t\t\t\t\t\t<\/div>\n\t\t<\/div>\n\n\t\t<\/a>\t\t\t\t<\/div>\n\t\t\t\t<\/div>\n\t\t\t\t\t<\/div>\n\t\t<\/div>\n\t\t\t\t<div class=\"elementor-column elementor-col-33 elementor-inner-column elementor-element elementor-element-6a7fdea\" data-id=\"6a7fdea\" data-element_type=\"column\">\n\t\t\t<div class=\"elementor-widget-wrap elementor-element-populated\">\n\t\t\t\t\t\t\t\t<div class=\"elementor-element elementor-element-a700eea elementor-style-01 billey-view-default elementor-position-top elementor-invisible elementor-widget elementor-widget-tm-icon-box\" data-id=\"a700eea\" data-element_type=\"widget\" data-settings=\"{&quot;_animation&quot;:&quot;billyFadeInUp&quot;}\" data-widget_type=\"tm-icon-box.default\">\n\t\t\t\t<div class=\"elementor-widget-container\">\n\t\t\t\t\t<a class=\"tm-icon-box link-secret\" href=\"https:\/\/affichageinterface.com\/en\/nos-reseaux\/guyane\/\">\n\t\t<div class=\"icon-box-wrapper\">\n\t\t\t\t\t<div class=\"billey-icon-wrap\">\n\t\t\t<div class=\"billey-icon-view first\">\n\t\t\t\t<div class=\"billey-icon-view-inner\">\n\t\t\t\t\t\n\t\t\t\t\t<div class=\"billey-icon icon billey-gradient-icon\">\n\t\t\t\t\t\t<i aria-hidden=\"true\" class=\"fal fa-campground\"><\/i>\t\t\t\t\t<\/div>\n\t\t\t\t<\/div>\n\t\t\t<\/div>\n\n\t\t\t\t\t<\/div>\n\t\t\n\t\t\t<div class=\"icon-box-content\">\n\t\t\t\t\t\t<div class=\"heading-wrap\">\n\t\t\t<h3 class=\"heading\">Guyane<\/h3>\n\t\t\t\t\t<\/div>\n\t\t\n\t\t\t\t\n\t\t\t\t\t\t\t<\/div>\n\t\t<\/div>\n\n\t\t<\/a>\t\t\t\t<\/div>\n\t\t\t\t<\/div>\n\t\t\t\t\t<\/div>\n\t\t<\/div>\n\t\t\t\t\t\t\t<\/div>\n\t\t<\/section>\n\t\t\t\t\t<\/div>\n\t\t<\/div>\n\t\t\t\t\t\t\t<\/div>\n\t\t<\/section>\n\t\t\t\t\t\t<\/div>\n\t\t\t\t\t<\/div>","protected":false},"excerpt":{"rendered":"<p>D\u00e9couvrez nos r\u00e9seaux Martinique Guadeloupe Guyane<\/p>","protected":false},"author":3,"featured_media":0,"parent":0,"menu_order":0,"comment_status":"closed","ping_status":"closed","template":"","meta":{"footnotes":""},"class_list":["post-4695","page","type-page","status-publish","hentry","post-no-thumbnail"],"yoast_head":"<!-- This site is optimized with the Yoast SEO plugin v19.1 - https:\/\/yoast.com\/wordpress\/plugins\/seo\/ -->\n<title>Nos r\u00e9seaux &bull; Affichage Interface<\/title>\n<meta name=\"robots\" content=\"index, follow, max-snippet:-1, max-image-preview:large, max-video-preview:-1\" \/>\n<link rel=\"canonical\" href=\"https:\/\/affichageinterface.com\/en\/nos-reseaux\/\" \/>\n<meta property=\"og:locale\" content=\"en_US\" \/>\n<meta property=\"og:type\" content=\"article\" \/>\n<meta property=\"og:title\" content=\"Nos r\u00e9seaux &bull; Affichage Interface\" \/>\n<meta property=\"og:description\" content=\"D\u00e9couvrez nos r\u00e9seaux Martinique Guadeloupe Guyane\" \/>\n<meta property=\"og:url\" content=\"https:\/\/affichageinterface.com\/en\/nos-reseaux\/\" \/>\n<meta property=\"og:site_name\" content=\"Affichage Interface\" \/>\n<meta property=\"article:publisher\" content=\"https:\/\/www.facebook.com\/InterfaceImpact-OOH-113721273712161\/\" \/>\n<meta property=\"article:modified_time\" content=\"2021-12-13T21:59:02+00:00\" \/>\n<meta property=\"og:image\" content=\"https:\/\/affichageinterface.com\/wp-content\/uploads\/2021\/12\/og-image-affichage-interface.jpg\" \/>\n\t<meta property=\"og:image:width\" content=\"1200\" \/>\n\t<meta property=\"og:image:height\" content=\"628\" \/>\n\t<meta property=\"og:image:type\" content=\"image\/jpeg\" \/>\n<meta name=\"twitter:card\" content=\"summary_large_image\" \/>\n<meta name=\"twitter:label1\" content=\"Est. reading time\" \/>\n\t<meta name=\"twitter:data1\" content=\"1 minute\" \/>\n<script type=\"application\/ld+json\" class=\"yoast-schema-graph\">{\"@context\":\"https:\/\/schema.org\",\"@graph\":[{\"@type\":\"Organization\",\"@id\":\"https:\/\/affichageinterface.com\/#organization\",\"name\":\"SARL Impact Pub\",\"url\":\"https:\/\/affichageinterface.com\/\",\"sameAs\":[\"https:\/\/www.linkedin.com\/company\/interfaceaffichage\/\",\"https:\/\/www.facebook.com\/InterfaceImpact-OOH-113721273712161\/\"],\"logo\":{\"@type\":\"ImageObject\",\"inLanguage\":\"en-US\",\"@id\":\"https:\/\/affichageinterface.com\/#\/schema\/logo\/image\/\",\"url\":\"https:\/\/affichageinterface.com\/wp-content\/uploads\/2021\/12\/logo-entite-affichage-interface.jpg\",\"contentUrl\":\"https:\/\/affichageinterface.com\/wp-content\/uploads\/2021\/12\/logo-entite-affichage-interface.jpg\",\"width\":296,\"height\":96,\"caption\":\"SARL Impact Pub\"},\"image\":{\"@id\":\"https:\/\/affichageinterface.com\/#\/schema\/logo\/image\/\"}},{\"@type\":\"WebSite\",\"@id\":\"https:\/\/affichageinterface.com\/#website\",\"url\":\"https:\/\/affichageinterface.com\/\",\"name\":\"Affichage Interface\",\"description\":\"\",\"publisher\":{\"@id\":\"https:\/\/affichageinterface.com\/#organization\"},\"potentialAction\":[{\"@type\":\"SearchAction\",\"target\":{\"@type\":\"EntryPoint\",\"urlTemplate\":\"https:\/\/affichageinterface.com\/?s={search_term_string}\"},\"query-input\":\"required name=search_term_string\"}],\"inLanguage\":\"en-US\"},{\"@type\":\"WebPage\",\"@id\":\"https:\/\/affichageinterface.com\/nos-reseaux\/#webpage\",\"url\":\"https:\/\/affichageinterface.com\/nos-reseaux\/\",\"name\":\"Nos r\u00e9seaux &bull; Affichage Interface\",\"isPartOf\":{\"@id\":\"https:\/\/affichageinterface.com\/#website\"},\"datePublished\":\"2021-07-19T17:13:06+00:00\",\"dateModified\":\"2021-12-13T21:59:02+00:00\",\"breadcrumb\":{\"@id\":\"https:\/\/affichageinterface.com\/nos-reseaux\/#breadcrumb\"},\"inLanguage\":\"en-US\",\"potentialAction\":[{\"@type\":\"ReadAction\",\"target\":[\"https:\/\/affichageinterface.com\/nos-reseaux\/\"]}]},{\"@type\":\"BreadcrumbList\",\"@id\":\"https:\/\/affichageinterface.com\/nos-reseaux\/#breadcrumb\",\"itemListElement\":[{\"@type\":\"ListItem\",\"position\":1,\"name\":\"Accueil\",\"item\":\"https:\/\/affichageinterface.com\/\"},{\"@type\":\"ListItem\",\"position\":2,\"name\":\"Nos r\u00e9seaux\"}]}]}<\/script>\n<!-- \/ Yoast SEO plugin. -->","yoast_head_json":{"title":"Nos r\u00e9seaux &bull; Affichage Interface","robots":{"index":"index","follow":"follow","max-snippet":"max-snippet:-1","max-image-preview":"max-image-preview:large","max-video-preview":"max-video-preview:-1"},"canonical":"https:\/\/affichageinterface.com\/en\/nos-reseaux\/","og_locale":"en_US","og_type":"article","og_title":"Nos r\u00e9seaux &bull; Affichage Interface","og_description":"D\u00e9couvrez nos r\u00e9seaux Martinique Guadeloupe Guyane","og_url":"https:\/\/affichageinterface.com\/en\/nos-reseaux\/","og_site_name":"Affichage Interface","article_publisher":"https:\/\/www.facebook.com\/InterfaceImpact-OOH-113721273712161\/","article_modified_time":"2021-12-13T21:59:02+00:00","og_image":[{"width":1200,"height":628,"url":"https:\/\/affichageinterface.com\/wp-content\/uploads\/2021\/12\/og-image-affichage-interface.jpg","type":"image\/jpeg"}],"twitter_card":"summary_large_image","twitter_misc":{"Est. reading time":"1 minute"},"schema":{"@context":"https:\/\/schema.org","@graph":[{"@type":"Organization","@id":"https:\/\/affichageinterface.com\/#organization","name":"SARL Impact Pub","url":"https:\/\/affichageinterface.com\/","sameAs":["https:\/\/www.linkedin.com\/company\/interfaceaffichage\/","https:\/\/www.facebook.com\/InterfaceImpact-OOH-113721273712161\/"],"logo":{"@type":"ImageObject","inLanguage":"en-US","@id":"https:\/\/affichageinterface.com\/#\/schema\/logo\/image\/","url":"https:\/\/affichageinterface.com\/wp-content\/uploads\/2021\/12\/logo-entite-affichage-interface.jpg","contentUrl":"https:\/\/affichageinterface.com\/wp-content\/uploads\/2021\/12\/logo-entite-affichage-interface.jpg","width":296,"height":96,"caption":"SARL Impact Pub"},"image":{"@id":"https:\/\/affichageinterface.com\/#\/schema\/logo\/image\/"}},{"@type":"WebSite","@id":"https:\/\/affichageinterface.com\/#website","url":"https:\/\/affichageinterface.com\/","name":"Affichage Interface","description":"","publisher":{"@id":"https:\/\/affichageinterface.com\/#organization"},"potentialAction":[{"@type":"SearchAction","target":{"@type":"EntryPoint","urlTemplate":"https:\/\/affichageinterface.com\/?s={search_term_string}"},"query-input":"required name=search_term_string"}],"inLanguage":"en-US"},{"@type":"WebPage","@id":"https:\/\/affichageinterface.com\/nos-reseaux\/#webpage","url":"https:\/\/affichageinterface.com\/nos-reseaux\/","name":"Nos r\u00e9seaux &bull; Affichage Interface","isPartOf":{"@id":"https:\/\/affichageinterface.com\/#website"},"datePublished":"2021-07-19T17:13:06+00:00","dateModified":"2021-12-13T21:59:02+00:00","breadcrumb":{"@id":"https:\/\/affichageinterface.com\/nos-reseaux\/#breadcrumb"},"inLanguage":"en-US","potentialAction":[{"@type":"ReadAction","target":["https:\/\/affichageinterface.com\/nos-reseaux\/"]}]},{"@type":"BreadcrumbList","@id":"https:\/\/affichageinterface.com\/nos-reseaux\/#breadcrumb","itemListElement":[{"@type":"ListItem","position":1,"name":"Accueil","item":"https:\/\/affichageinterface.com\/"},{"@type":"ListItem","position":2,"name":"Nos r\u00e9seaux"}]}]}},"_links":{"self":[{"href":"https:\/\/affichageinterface.com\/en\/wp-json\/wp\/v2\/pages\/4695","targetHints":{"allow":["GET"]}}],"collection":[{"href":"https:\/\/affichageinterface.com\/en\/wp-json\/wp\/v2\/pages"}],"about":[{"href":"https:\/\/affichageinterface.com\/en\/wp-json\/wp\/v2\/types\/page"}],"author":[{"embeddable":true,"href":"https:\/\/affichageinterface.com\/en\/wp-json\/wp\/v2\/users\/3"}],"replies":[{"embeddable":true,"href":"https:\/\/affichageinterface.com\/en\/wp-json\/wp\/v2\/comments?post=4695"}],"version-history":[{"count":0,"href":"https:\/\/affichageinterface.com\/en\/wp-json\/wp\/v2\/pages\/4695\/revisions"}],"wp:attachment":[{"href":"https:\/\/affichageinterface.com\/en\/wp-json\/wp\/v2\/media?parent=4695"}],"curies":[{"name":"wp","href":"https:\/\/api.w.org\/{rel}","templated":true}]}}